{"id":74,"date":"2025-08-05T08:53:59","date_gmt":"2025-08-05T08:53:59","guid":{"rendered":"https:\/\/gresley.org.uk\/?page_id=74"},"modified":"2025-08-05T14:21:43","modified_gmt":"2025-08-05T14:21:43","slug":"xo-so-88clb","status":"publish","type":"page","link":"https:\/\/gresley.org.uk\/index.php\/xo-so-88clb\/","title":{"rendered":"X\u1ed5 S\u1ed1 88CLB &#8211; N\u01a1i V\u1eadn May G\u00f5 C\u1eeda D\u00e0nh Cho H\u1ed9i Vi\u00ean 2025"},"content":{"rendered":"<h1 style=\"text-align: center;\"><b>X\u1ed5 S\u1ed1 88CLB &#8211; N\u01a1i V\u1eadn May G\u00f5 C\u1eeda D\u00e0nh Cho H\u1ed9i Vi\u00ean 2025<\/b><\/h1>\n<p><span style=\"font-weight: 400;\"><strong><a href=\"https:\/\/gresley.org.uk\/index.php\/xo-so-88clb\/\">X\u1ed5 s\u1ed1 88CLB<\/a> <\/strong>ch\u00ednh l\u00e0 m\u1ed9t \u0111i\u1ec3m \u0111\u1ebfn l\u00fd t\u01b0\u1edfng d\u00e0nh cho b\u1ea1n. H\u00e3y c\u00f9ng <strong><a href=\"https:\/\/gresley.org.uk\/\">88CLB<\/a> <\/strong>kh\u00e1m ph\u00e1 th\u1ebf gi\u1edbi l\u00f4 \u0111\u1ec1 tr\u1ef1c tuy\u1ebfn \u0111\u1ea7y m\u00e0u s\u1eafc, n\u01a1i c\u01a1 h\u1ed9i \u0111\u1ed5i \u0111\u1eddi lu\u00f4n hi\u1ec7n h\u1eefu trong t\u1ea7m tay c\u1ee7a b\u1ea1n. Anh em khi tham gia tr\u1ea3i nghi\u1ec7m c\u00f3 \u0111\u01b0\u1ee3c c\u01a1 h\u1ed9i t\u1eadn h\u01b0\u1edfng kho\u1ea3nh kh\u1eafc \u0111\u00e1ng nh\u1edb v\u00e0 k\u1ecbch t\u00ednh, mang v\u1ec1 ph\u1ea7n th\u01b0\u1edfng gi\u00e1 tr\u1ecb.<\/span><\/p>\n<h2><b>Gi\u1edbi thi\u1ec7u x\u1ed5 s\u1ed1 88CLB cho t\u00e2n binh m\u1edbi<\/b><\/h2>\n<p><span style=\"font-weight: 400;\">X\u1ed5 s\u1ed1 88CLB \u0111\u00e3 v\u00e0ng \u0111ang l\u00e0 m\u1ed9t trong nh\u1eefng s\u00e2n ch\u01a1i game tr\u1ef1c tuy\u1ebfn thu h\u00fat s\u1ef1 ch\u00fa \u00fd c\u1ee7a \u0111\u00f4ng \u0111\u1ea3o ng\u01b0\u1eddi \u0111am m\u00ea c\u00e1 c\u01b0\u1ee3c v\u00e0 th\u1eed v\u1eadn may. V\u1edbi vi\u1ec7c n\u00e2ng c\u1ea5p v\u00e0 l\u00e0m m\u1edbi t\u1eeb lo\u1ea1i truy\u1ec1n th\u1ed1ng, tr\u00f2 ch\u01a1i \u0111\u00e3 t\u1ea1o n\u00ean m\u1ed9t n\u1ec1n t\u1ea3ng gi\u1ea3i tr\u00ed l\u00f4 \u0111\u1ec1 hi\u1ec7n \u0111\u1ea1i, \u0111em \u0111\u1ebfn cho ng\u01b0\u1eddi ch\u01a1i nh\u1eefng tr\u1ea3i nghi\u1ec7m th\u00fa v\u1ecb v\u00e0 c\u01a1 h\u1ed9i tr\u00fang th\u01b0\u1edfng h\u1ea5p d\u1eabn.<\/span><\/p>\n<p><span style=\"font-weight: 400;\">\u0110\u00e2y kh\u00f4ng ch\u1ec9 \u0111\u01a1n thu\u1ea7n l\u00e0 s\u1ea3nh game online t\u1eeb th\u1ec3 lo\u1ea1i l\u00f4 \u0111\u1ec1 ba mi\u1ec1n truy\u1ec1n th\u1ed1ng \u0111\u1ebfn c\u00e1c t\u1ef1a game qu\u1ed1c t\u1ebf nh\u01b0 Mega Millions hay Powerball. \u0110\u01b0\u1ee3c x\u00e2y d\u1ef1ng d\u1ef1a tr\u00ean n\u1ec1n t\u1ea3ng c\u00f4ng ngh\u1ec7 ti\u00ean ti\u1ebfn, \u0111\u1ea3m b\u1ea3o \u0111\u01b0\u1ee3c s\u1ef1 \u1ed5n \u0111\u1ecbnh, an to\u00e0n.<\/span><\/p>\n<p><span style=\"font-weight: 400;\">B\u00ean c\u1ea1nh \u0111\u00f3, h\u1ec7 th\u1ed1ng s\u1ebd b\u1ea3o m\u1eadt th\u00f4ng tin cho ng\u01b0\u1eddi d\u00f9ng. Giao di\u1ec7n si\u00eau th\u00e2n thi\u1ec7n, d\u1ec5 s\u1eed d\u1ee5ng, ph\u00f9 h\u1ee3p v\u1edbi m\u1ecdi \u0111\u1ed1i t\u01b0\u1ee3ng, k\u1ec3 c\u1ea3 ng\u01b0\u1eddi m\u1edbi b\u1eaft \u0111\u1ea7u cho \u0111\u1ebfn nh\u1eefng h\u1ed9i vi\u00ean l\u00e3o luy\u1ec7n.<\/span><\/p>\n<figure id=\"attachment_75\" aria-describedby=\"caption-attachment-75\" style=\"width: 800px\" class=\"wp-caption aligncenter\"><img loading=\"lazy\" decoding=\"async\" class=\"size-full wp-image-75\" src=\"https:\/\/gresley.org.uk\/wp-content\/uploads\/2025\/08\/gioi-thieu-xo-so-88clb.jpg\" alt=\"Gi\u1edbi thi\u1ec7u x\u1ed5 s\u1ed1 88CLB\" width=\"800\" height=\"400\" srcset=\"https:\/\/gresley.org.uk\/wp-content\/uploads\/2025\/08\/gioi-thieu-xo-so-88clb.jpg 800w, https:\/\/gresley.org.uk\/wp-content\/uploads\/2025\/08\/gioi-thieu-xo-so-88clb-300x150.jpg 300w, https:\/\/gresley.org.uk\/wp-content\/uploads\/2025\/08\/gioi-thieu-xo-so-88clb-768x384.jpg 768w\" sizes=\"auto, (max-width: 800px) 100vw, 800px\" \/><figcaption id=\"caption-attachment-75\" class=\"wp-caption-text\">Gi\u1edbi thi\u1ec7u x\u1ed5 s\u1ed1 88CLB<\/figcaption><\/figure>\n<h2><b>M\u1ed9t v\u00e0i s\u1ea3n ph\u1ea9m h\u1ea5p d\u1eabn t\u1ea1i x\u1ed5 s\u1ed1 88CLB<\/b><\/h2>\n<p><span style=\"font-weight: 400;\">X\u1ed5 s\u1ed1 88CLB mang l\u1ea1i cho ng\u01b0\u1eddi ch\u01a1i m\u1ed9t th\u1ebf gi\u1edbi gi\u1ea3i tr\u00ed \u0111a d\u1ea1ng v\u00e0 phong ph\u00fa, t\u1eeb t\u1ef7uyeenf th\u1ed1ng \u0111\u1ebfn qu\u1ed1c t\u1ebf v\u1edbi c\u01a1 h\u1ed9i tr\u00fang th\u01b0\u1edfng c\u1ef1c h\u1ea5p d\u1eabn:<\/span><\/p>\n<h3><b>X\u1ed5 s\u1ed1 3 mi\u1ec1n<\/b><\/h3>\n<p><span style=\"font-weight: 400;\">S\u1ea3nh c\u01b0\u1ee3c cung c\u1ea5p \u0111\u1ea7y \u0111\u1ee7 nhi\u1ec1u lo\u1ea1i h\u00ecnh x\u1ed5 s\u1ed1 ki\u1ebfn thi\u1ebft truy\u1ec1n th\u1ed1ng t\u1eeb ba mi\u1ec1n B\u1eafc, Trung, Nam. K\u1ebft qu\u1ea3 \u0111\u01b0\u1ee3c c\u1ea5p nh\u1eadt tr\u1ef1c ti\u1ebfp v\u00e0 ch\u00ednh x\u00e1c, nh\u1eb1m mang \u0111\u1ebfn s\u1ef1 ti\u1ec7n l\u1ee3i cho h\u1ed9i vi\u00ean khi tra c\u1ee9u.\u00a0<\/span><\/p>\n<p><span style=\"font-weight: 400;\">Ng\u01b0\u1eddi ch\u01a1i c\u0169ng c\u00f3 th\u1ec3 d\u1ec5 d\u00e0ng theo d\u00f5i k\u1ebft qu\u1ea3 3 mi\u1ec1n, th\u00f4ng qua vi\u1ec7c tra c\u1ee9u th\u00f4ng tin c\u00e1c gi\u1ea3i th\u01b0\u1edfng, l\u1ecbch s\u1eed quay th\u01b0\u1edfng. V\u00e0 b\u1ea1n tu\u1ef3 \u00fd tham gia v\u00e0o b\u1ea5t k\u1ef3 quay th\u01b0\u1edfng tr\u1ef1c tuy\u1ebfn.<\/span><\/p>\n<h3><b>C\u00e1 c\u01b0\u1ee3c Keno<\/b><\/h3>\n<p><span style=\"font-weight: 400;\">Keno l\u00e0 t\u1ef1a game c\u00f3 t\u1ea7n su\u1ea5t quay li\u00ean t\u1ee5c, nh\u1eb1m gi\u00fap ng\u01b0\u1eddi ch\u01a1i tham gia v\u00e0 nh\u1eadn \u0111\u01b0\u1ee3c th\u01b0\u1edfng m\u1ed9t c\u00e1ch nhanh ch\u00f3ng. V\u1edbi c\u01a1 ch\u1ebf ch\u1ecdn t\u1eeb 1 \u0111\u1ebfn 10 s\u1ed1, th\u00ec Keno t\u1ea1o ra nhi\u1ec1u c\u01a1 h\u1ed9i tr\u00fang th\u01b0\u1edfng nhanh, v\u00e0 \u0111\u1ea7y th\u00fa v\u1ecb. Keno l\u00e0 tr\u00f2 ch\u01a1i ph\u00f9 v\u1edbi ng\u01b0\u1eddi nh\u1eefng ng\u01b0\u1eddi y\u00eau th\u00edch s\u1ef1 nhanh ch\u00f3ng, k\u1ecbch t\u00ednh v\u00e0 mu\u1ed1n tr\u1ea3i nghi\u1ec7m c\u1ea3m gi\u00e1c h\u1ed3i h\u1ed9p khi ch\u1edd \u0111\u1ee3i k\u1ebft qu\u1ea3.<\/span><\/p>\n<figure id=\"attachment_76\" aria-describedby=\"caption-attachment-76\" style=\"width: 800px\" class=\"wp-caption aligncenter\"><img loading=\"lazy\" decoding=\"async\" class=\"size-full wp-image-76\" src=\"https:\/\/gresley.org.uk\/wp-content\/uploads\/2025\/08\/xo-so-88clb-keno-hap-dan.jpg\" alt=\"X\u1ed5 s\u1ed1 88CLB Keno h\u1ea5p d\u1eabn\" width=\"800\" height=\"400\" srcset=\"https:\/\/gresley.org.uk\/wp-content\/uploads\/2025\/08\/xo-so-88clb-keno-hap-dan.jpg 800w, https:\/\/gresley.org.uk\/wp-content\/uploads\/2025\/08\/xo-so-88clb-keno-hap-dan-300x150.jpg 300w, https:\/\/gresley.org.uk\/wp-content\/uploads\/2025\/08\/xo-so-88clb-keno-hap-dan-768x384.jpg 768w\" sizes=\"auto, (max-width: 800px) 100vw, 800px\" \/><figcaption id=\"caption-attachment-76\" class=\"wp-caption-text\">X\u1ed5 s\u1ed1 88CLB Keno h\u1ea5p d\u1eabn<\/figcaption><\/figure>\n<h3><b>X\u1ed5 s\u1ed1 88CLB &#8211; L\u00f4 t\u00f4<\/b><\/h3>\n<p><span style=\"font-weight: 400;\">S\u1ea3nh c\u01b0\u1ee3c cung c\u1ea5p nh\u1eefng lo\u1ea1i h\u00ecnh l\u00f4 t\u00f4 nh\u01b0 l\u00f4 t\u00f4 2, 3, 4 s\u1ed1, v\u1edbi t\u1ef7 l\u1ec7 tr\u1ea3 th\u01b0\u1edfng h\u1ea5p d\u1eabn. C\u01b0\u1ee3c th\u1ee7 s\u1ebd c\u00f3 th\u1ec3 l\u1ef1a ch\u1ecdn lo\u1ea1i h\u00ecnh ph\u00f9 h\u1ee3p v\u1edbi nhu c\u1ea7u v\u00e0 kh\u1ea3 n\u0103ng c\u1ee7a b\u1ea3n th\u00e2n, t\u1eeb m\u1ee9c \u0111\u1ed9 d\u1ec5 \u0111\u1ebfn kh\u00f3. L\u00f4 t\u00f4 l\u00e0 tr\u00f2 ch\u01a1i truy\u1ec1n th\u1ed1ng \u0111\u01b0\u1ee3c nhi\u1ec1u ng\u01b0\u1eddi y\u00eau th\u00edch, v\u1edbi c\u00e1c chi\u1ebfn thu\u1eadt \u0111\u00e1nh \u0111a d\u1ea1ng v\u1edbi t\u1ef7 l\u1ec7 tr\u00fang th\u01b0\u1edfng cao.<\/span><\/p>\n<h3><b>Lotto 6\/45, 6\/55<\/b><\/h3>\n<p><span style=\"font-weight: 400;\">Lotto 6\/45 v\u00e0 6\/55 \u0111em l\u1ea1i c\u01a1 h\u1ed9i tr\u00fang th\u01b0\u1edfng l\u1edbn cho game th\u1ee7, khi ch\u1ec9 c\u1ea7n ch\u1ecdn 6 con s\u1ed1 t\u1eeb d\u00e3y c\u1ed1 \u0111\u1ecbnh. M\u1ee9c th\u01b0\u1edfng c\u1ee7a ki\u1ec3u c\u00e1 c\u01b0\u1ee3c n\u00e0y th\u00f4ng th\u01b0\u1eddng r\u1ea5t cao, thu h\u00fat s\u1ef1 quan t\u00e2m c\u1ee7a \u0111\u00f4ng \u0111\u1ea3o h\u1ed9i vi\u00ean. Lotto 6\/45 v\u00e0 6\/55 l\u00e0 nh\u1eefng tr\u00f2 l\u00f4 \u0111\u1ec1 mang t\u00ednh th\u1eed th\u00e1ch, th\u00edch h\u1ee3p v\u1edbi nh\u1eefng ai mu\u1ed1n ch\u01a1i chinh ph\u1ee5c c\u00e1c gi\u1ea3i th\u01b0\u1edfng l\u1edbn.<\/span><\/p>\n<h2><b>L\u1eddi k\u1ebft<\/b><\/h2>\n<p><span style=\"font-weight: 400;\">X\u1ed5 s\u1ed1 88CLB l\u00e0 m\u1ed9t s\u00e2n ch\u01a1i l\u00f4 \u0111\u1ec1 tr\u1ef1c tuy\u1ebfn uy t\u00edn gi\u00fap th\u1ecfa m\u00e3n ni\u1ec1m \u0111am m\u00ea c\u1ee7a h\u1ed9i vi\u00ean. V\u1edbi nh\u1eefng \u01b0u \u0111i\u1ec3m n\u1ed5i b\u1eadt v\u00e0 h\u1ec7 th\u1ed1ng game \u0111a d\u1ea1ng, s\u1ea3nh c\u01b0\u1ee3c \u0111\u00e3 cho th\u1ea5y \u0111\u01b0\u1ee3c s\u1ef1 uy t\u00edn c\u1ee7a s\u1ea3n ph\u1ea9m.<\/span><\/p>\n","protected":false},"excerpt":{"rendered":"<p>X\u1ed5 S\u1ed1 88CLB &#8211; N\u01a1i V\u1eadn May G\u00f5 C\u1eeda D\u00e0nh Cho H\u1ed9i Vi\u00ean 2025 X\u1ed5 s\u1ed1 88CLB ch\u00ednh l\u00e0 m\u1ed9t \u0111i\u1ec3m \u0111\u1ebfn l\u00fd t\u01b0\u1edfng d\u00e0nh cho b\u1ea1n. H\u00e3y c\u00f9ng 88CLB kh\u00e1m ph\u00e1 th\u1ebf gi\u1edbi l\u00f4 \u0111\u1ec1 tr\u1ef1c tuy\u1ebfn \u0111\u1ea7y m\u00e0u s\u1eafc, n\u01a1i c\u01a1 h\u1ed9i \u0111\u1ed5i \u0111\u1eddi lu\u00f4n hi\u1ec7n h\u1eefu trong t\u1ea7m tay c\u1ee7a b\u1ea1n. Anh [&#8230;]\n","protected":false},"author":1,"featured_media":77,"parent":0,"menu_order":0,"comment_status":"closed","ping_status":"closed","template":"","meta":{"footnotes":""},"class_list":["post-74","page","type-page","status-publish","has-post-thumbnail","hentry"],"rankMath":{"parentDomain":"gresley.org.uk","noFollowDomains":[],"noFollowExcludeDomains":[],"noFollowExternalLinks":false,"featuredImageNotice":"H\u00ecnh \u1ea3nh n\u1ed5i b\u1eadt n\u00ean c\u00f3 k\u00edch th\u01b0\u1edbc \u00edt nh\u1ea5t 200 x 200 pixel \u0111\u1ec3 \u0111\u01b0\u1ee3c Facebook v\u00e0 c\u00e1c trang m\u1ea1ng x\u00e3 h\u1ed9i kh\u00e1c ch\u1ecdn.","pluginReviewed":false,"postSettings":{"linkSuggestions":true,"useFocusKeyword":false},"frontEndScore":false,"postName":"xo-so-88clb","permalinkFormat":"https:\/\/gresley.org.uk\/index.php\/%pagename%\/","showLockModifiedDate":true,"assessor":{"focusKeywordLink":"https:\/\/gresley.org.uk\/wp-admin\/edit.php?focus_keyword=%focus_keyword%&post_type=%post_type%","hasTOCPlugin":false,"primaryTaxonomy":false,"serpData":{"title":"X\u1ed5 S\u1ed1 88CLB - N\u01a1i V\u1eadn May G\u00f5 C\u1eeda D\u00e0nh Cho H\u1ed9i Vi\u00ean 2025","description":"Meta: X\u1ed5 s\u1ed1 88CLB s\u1edf h\u1eefu nhi\u1ec1u gi\u1ea3i th\u01b0\u1edfng \u0111\u1eb7c s\u1eafc, mang \u0111\u1ebfn cho h\u1ed9i vi\u00ean l\u00e0m gi\u00e0u trong kho\u1ea3ng th\u1eddi gian ng\u1eafn, ch\u1ec9 v\u1edbi s\u1ed1 v\u1ed1n nh\u1ecf b\u1ea1n \u0111\u00e3 c\u00f3 th\u1ec3 th\u00e0nh c\u00f4ng.","focusKeywords":"X\u1ed5 s\u1ed1 88CLB","pillarContent":false,"canonicalUrl":"","breadcrumbTitle":"","advancedRobots":[],"facebookTitle":"","facebookDescription":"","facebookImage":"","facebookImageID":"","facebookHasOverlay":false,"facebookImageOverlay":"","facebookAuthor":"","twitterCardType":"","twitterUseFacebook":true,"twitterTitle":"","twitterDescription":"","twitterImage":"","twitterImageID":"","twitterHasOverlay":false,"twitterImageOverlay":"","twitterPlayerUrl":"","twitterPlayerSize":"","twitterPlayerStream":"","twitterPlayerStreamCtype":"","twitterAppDescription":"","twitterAppIphoneName":"","twitterAppIphoneID":"","twitterAppIphoneUrl":"","twitterAppIpadName":"","twitterAppIpadID":"","twitterAppIpadUrl":"","twitterAppGoogleplayName":"","twitterAppGoogleplayID":"","twitterAppGoogleplayUrl":"","twitterAppCountry":"","robots":{"index":true},"twitterAuthor":"t\u00ean ng\u01b0\u1eddi d\u00f9ng","primaryTerm":0,"authorName":"admin","titleTemplate":"%title% %sep% %sitename%","descriptionTemplate":"%excerpt%","showScoreFrontend":true,"lockModifiedDate":false},"powerWords":[],"diacritics":{"A":"[\\u0041\\u24B6\\uFF21\\u00C0\\u00C1\\u00C2\\u1EA6\\u1EA4\\u1EAA\\u1EA8\\u00C3\\u0100\\u0102\\u1EB0\\u1EAE\\u1EB4\\u1EB2\\u0226\\u01E0\\u00C4\\u01DE\\u1EA2\\u00C5\\u01FA\\u01CD\\u0200\\u0202\\u1EA0\\u1EAC\\u1EB6\\u1E00\\u0104\\u023A\\u2C6F]","AA":"[\\uA732]","AE":"[\\u00C6\\u01FC\\u01E2]","AO":"[\\uA734]","AU":"[\\uA736]","AV":"[\\uA738\\uA73A]","AY":"[\\uA73C]","B":"[\\u0042\\u24B7\\uFF22\\u1E02\\u1E04\\u1E06\\u0243\\u0182\\u0181]","C":"[\\u0043\\u24B8\\uFF23\\u0106\\u0108\\u010A\\u010C\\u00C7\\u1E08\\u0187\\u023B\\uA73E]","D":"[\\u0044\\u24B9\\uFF24\\u1E0A\\u010E\\u1E0C\\u1E10\\u1E12\\u1E0E\\u0110\\u018B\\u018A\\u0189\\uA779]","DZ":"[\\u01F1\\u01C4]","Dz":"[\\u01F2\\u01C5]","E":"[\\u0045\\u24BA\\uFF25\\u00C8\\u00C9\\u00CA\\u1EC0\\u1EBE\\u1EC4\\u1EC2\\u1EBC\\u0112\\u1E14\\u1E16\\u0114\\u0116\\u00CB\\u1EBA\\u011A\\u0204\\u0206\\u1EB8\\u1EC6\\u0228\\u1E1C\\u0118\\u1E18\\u1E1A\\u0190\\u018E]","F":"[\\u0046\\u24BB\\uFF26\\u1E1E\\u0191\\uA77B]","G":"[\\u0047\\u24BC\\uFF27\\u01F4\\u011C\\u1E20\\u011E\\u0120\\u01E6\\u0122\\u01E4\\u0193\\uA7A0\\uA77D\\uA77E]","H":"[\\u0048\\u24BD\\uFF28\\u0124\\u1E22\\u1E26\\u021E\\u1E24\\u1E28\\u1E2A\\u0126\\u2C67\\u2C75\\uA78D]","I":"[\\u0049\\u24BE\\uFF29\\u00CC\\u00CD\\u00CE\\u0128\\u012A\\u012C\\u0130\\u00CF\\u1E2E\\u1EC8\\u01CF\\u0208\\u020A\\u1ECA\\u012E\\u1E2C\\u0197]","J":"[\\u004A\\u24BF\\uFF2A\\u0134\\u0248]","K":"[\\u004B\\u24C0\\uFF2B\\u1E30\\u01E8\\u1E32\\u0136\\u1E34\\u0198\\u2C69\\uA740\\uA742\\uA744\\uA7A2]","L":"[\\u004C\\u24C1\\uFF2C\\u013F\\u0139\\u013D\\u1E36\\u1E38\\u013B\\u1E3C\\u1E3A\\u0141\\u023D\\u2C62\\u2C60\\uA748\\uA746\\uA780]","LJ":"[\\u01C7]","Lj":"[\\u01C8]","M":"[\\u004D\\u24C2\\uFF2D\\u1E3E\\u1E40\\u1E42\\u2C6E\\u019C]","N":"[\\u004E\\u24C3\\uFF2E\\u01F8\\u0143\\u00D1\\u1E44\\u0147\\u1E46\\u0145\\u1E4A\\u1E48\\u0220\\u019D\\uA790\\uA7A4]","NJ":"[\\u01CA]","Nj":"[\\u01CB]","O":"[\\u004F\\u24C4\\uFF2F\\u00D2\\u00D3\\u00D4\\u1ED2\\u1ED0\\u1ED6\\u1ED4\\u00D5\\u1E4C\\u022C\\u1E4E\\u014C\\u1E50\\u1E52\\u014E\\u022E\\u0230\\u00D6\\u022A\\u1ECE\\u0150\\u01D1\\u020C\\u020E\\u01A0\\u1EDC\\u1EDA\\u1EE0\\u1EDE\\u1EE2\\u1ECC\\u1ED8\\u01EA\\u01EC\\u00D8\\u01FE\\u0186\\u019F\\uA74A\\uA74C]","OI":"[\\u01A2]","OO":"[\\uA74E]","OU":"[\\u0222]","P":"[\\u0050\\u24C5\\uFF30\\u1E54\\u1E56\\u01A4\\u2C63\\uA750\\uA752\\uA754]","Q":"[\\u0051\\u24C6\\uFF31\\uA756\\uA758\\u024A]","R":"[\\u0052\\u24C7\\uFF32\\u0154\\u1E58\\u0158\\u0210\\u0212\\u1E5A\\u1E5C\\u0156\\u1E5E\\u024C\\u2C64\\uA75A\\uA7A6\\uA782]","S":"[\\u0053\\u24C8\\uFF33\\u1E9E\\u015A\\u1E64\\u015C\\u1E60\\u0160\\u1E66\\u1E62\\u1E68\\u0218\\u015E\\u2C7E\\uA7A8\\uA784]","T":"[\\u0054\\u24C9\\uFF34\\u1E6A\\u0164\\u1E6C\\u021A\\u0162\\u1E70\\u1E6E\\u0166\\u01AC\\u01AE\\u023E\\uA786]","TZ":"[\\uA728]","U":"[\\u0055\\u24CA\\uFF35\\u00D9\\u00DA\\u00DB\\u0168\\u1E78\\u016A\\u1E7A\\u016C\\u00DC\\u01DB\\u01D7\\u01D5\\u01D9\\u1EE6\\u016E\\u0170\\u01D3\\u0214\\u0216\\u01AF\\u1EEA\\u1EE8\\u1EEE\\u1EEC\\u1EF0\\u1EE4\\u1E72\\u0172\\u1E76\\u1E74\\u0244]","V":"[\\u0056\\u24CB\\uFF36\\u1E7C\\u1E7E\\u01B2\\uA75E\\u0245]","VY":"[\\uA760]","W":"[\\u0057\\u24CC\\uFF37\\u1E80\\u1E82\\u0174\\u1E86\\u1E84\\u1E88\\u2C72]","X":"[\\u0058\\u24CD\\uFF38\\u1E8A\\u1E8C]","Y":"[\\u0059\\u24CE\\uFF39\\u1EF2\\u00DD\\u0176\\u1EF8\\u0232\\u1E8E\\u0178\\u1EF6\\u1EF4\\u01B3\\u024E\\u1EFE]","Z":"[\\u005A\\u24CF\\uFF3A\\u0179\\u1E90\\u017B\\u017D\\u1E92\\u1E94\\u01B5\\u0224\\u2C7F\\u2C6B\\uA762]","a":"[\\u0061\\u24D0\\uFF41\\u1E9A\\u00E0\\u00E1\\u00E2\\u1EA7\\u1EA5\\u1EAB\\u1EA9\\u00E3\\u0101\\u0103\\u1EB1\\u1EAF\\u1EB5\\u1EB3\\u0227\\u01E1\\u00E4\\u01DF\\u1EA3\\u00E5\\u01FB\\u01CE\\u0201\\u0203\\u1EA1\\u1EAD\\u1EB7\\u1E01\\u0105\\u2C65\\u0250]","aa":"[\\uA733]","ae":"[\\u00E6\\u01FD\\u01E3]","ao":"[\\uA735]","au":"[\\uA737]","av":"[\\uA739\\uA73B]","ay":"[\\uA73D]","b":"[\\u0062\\u24D1\\uFF42\\u1E03\\u1E05\\u1E07\\u0180\\u0183\\u0253]","c":"[\\u0063\\u24D2\\uFF43\\u0107\\u0109\\u010B\\u010D\\u00E7\\u1E09\\u0188\\u023C\\uA73F\\u2184]","d":"[\\u0064\\u24D3\\uFF44\\u1E0B\\u010F\\u1E0D\\u1E11\\u1E13\\u1E0F\\u0111\\u018C\\u0256\\u0257\\uA77A]","dz":"[\\u01F3\\u01C6]","e":"[\\u0065\\u24D4\\uFF45\\u00E8\\u00E9\\u00EA\\u1EC1\\u1EBF\\u1EC5\\u1EC3\\u1EBD\\u0113\\u1E15\\u1E17\\u0115\\u0117\\u00EB\\u1EBB\\u011B\\u0205\\u0207\\u1EB9\\u1EC7\\u0229\\u1E1D\\u0119\\u1E19\\u1E1B\\u0247\\u025B\\u01DD]","f":"[\\u0066\\u24D5\\uFF46\\u1E1F\\u0192\\uA77C]","g":"[\\u0067\\u24D6\\uFF47\\u01F5\\u011D\\u1E21\\u011F\\u0121\\u01E7\\u0123\\u01E5\\u0260\\uA7A1\\u1D79\\uA77F]","h":"[\\u0068\\u24D7\\uFF48\\u0125\\u1E23\\u1E27\\u021F\\u1E25\\u1E29\\u1E2B\\u1E96\\u0127\\u2C68\\u2C76\\u0265]","hv":"[\\u0195]","i":"[\\u0069\\u24D8\\uFF49\\u00EC\\u00ED\\u00EE\\u0129\\u012B\\u012D\\u00EF\\u1E2F\\u1EC9\\u01D0\\u0209\\u020B\\u1ECB\\u012F\\u1E2D\\u0268\\u0131]","j":"[\\u006A\\u24D9\\uFF4A\\u0135\\u01F0\\u0249]","k":"[\\u006B\\u24DA\\uFF4B\\u1E31\\u01E9\\u1E33\\u0137\\u1E35\\u0199\\u2C6A\\uA741\\uA743\\uA745\\uA7A3]","l":"[\\u006C\\u24DB\\uFF4C\\u0140\\u013A\\u013E\\u1E37\\u1E39\\u013C\\u1E3D\\u1E3B\\u017F\\u0142\\u019A\\u026B\\u2C61\\uA749\\uA781\\uA747]","lj":"[\\u01C9]","m":"[\\u006D\\u24DC\\uFF4D\\u1E3F\\u1E41\\u1E43\\u0271\\u026F]","n":"[\\u006E\\u24DD\\uFF4E\\u01F9\\u0144\\u00F1\\u1E45\\u0148\\u1E47\\u0146\\u1E4B\\u1E49\\u019E\\u0272\\u0149\\uA791\\uA7A5]","nj":"[\\u01CC]","o":"[\\u006F\\u24DE\\uFF4F\\u00F2\\u00F3\\u00F4\\u1ED3\\u1ED1\\u1ED7\\u1ED5\\u00F5\\u1E4D\\u022D\\u1E4F\\u014D\\u1E51\\u1E53\\u014F\\u022F\\u0231\\u00F6\\u022B\\u1ECF\\u0151\\u01D2\\u020D\\u020F\\u01A1\\u1EDD\\u1EDB\\u1EE1\\u1EDF\\u1EE3\\u1ECD\\u1ED9\\u01EB\\u01ED\\u00F8\\u01FF\\u0254\\uA74B\\uA74D\\u0275]","oi":"[\\u01A3]","ou":"[\\u0223]","oo":"[\\uA74F]","p":"[\\u0070\\u24DF\\uFF50\\u1E55\\u1E57\\u01A5\\u1D7D\\uA751\\uA753\\uA755]","q":"[\\u0071\\u24E0\\uFF51\\u024B\\uA757\\uA759]","r":"[\\u0072\\u24E1\\uFF52\\u0155\\u1E59\\u0159\\u0211\\u0213\\u1E5B\\u1E5D\\u0157\\u1E5F\\u024D\\u027D\\uA75B\\uA7A7\\uA783]","s":"[\\u0073\\u24E2\\uFF53\\u015B\\u1E65\\u015D\\u1E61\\u0161\\u1E67\\u1E63\\u1E69\\u0219\\u015F\\u023F\\uA7A9\\uA785\\u1E9B]","ss":"[\\u00DF]","t":"[\\u0074\\u24E3\\uFF54\\u1E6B\\u1E97\\u0165\\u1E6D\\u021B\\u0163\\u1E71\\u1E6F\\u0167\\u01AD\\u0288\\u2C66\\uA787]","tz":"[\\uA729]","u":"[\\u0075\\u24E4\\uFF55\\u00F9\\u00FA\\u00FB\\u0169\\u1E79\\u016B\\u1E7B\\u016D\\u00FC\\u01DC\\u01D8\\u01D6\\u01DA\\u1EE7\\u016F\\u0171\\u01D4\\u0215\\u0217\\u01B0\\u1EEB\\u1EE9\\u1EEF\\u1EED\\u1EF1\\u1EE5\\u1E73\\u0173\\u1E77\\u1E75\\u0289]","v":"[\\u0076\\u24E5\\uFF56\\u1E7D\\u1E7F\\u028B\\uA75F\\u028C]","vy":"[\\uA761]","w":"[\\u0077\\u24E6\\uFF57\\u1E81\\u1E83\\u0175\\u1E87\\u1E85\\u1E98\\u1E89\\u2C73]","x":"[\\u0078\\u24E7\\uFF58\\u1E8B\\u1E8D]","y":"[\\u0079\\u24E8\\uFF59\\u1EF3\\u00FD\\u0177\\u1EF9\\u0233\\u1E8F\\u00FF\\u1EF7\\u1E99\\u1EF5\\u01B4\\u024F\\u1EFF]","z":"[\\u007A\\u24E9\\uFF5A\\u017A\\u1E91\\u017C\\u017E\\u1E93\\u1E95\\u01B6\\u0225\\u0240\\u2C6C\\uA763]"},"researchesTests":["contentHasTOC","contentHasShortParagraphs","contentHasAssets","keywordInTitle","keywordInMetaDescription","keywordInPermalink","keywordIn10Percent","keywordInContent","keywordInSubheadings","keywordInImageAlt","keywordDensity","keywordNotUsed","lengthContent","lengthPermalink","linksHasInternal","linksHasExternals","linksNotAllExternals","titleStartWithKeyword","titleSentiment","titleHasPowerWords","titleHasNumber","hasContentAI"],"hasRedirection":false,"hasBreadcrumb":false},"homeUrl":"https:\/\/gresley.org.uk","objectID":74,"objectType":"post","locale":"vi","localeFull":"vi","overlayImages":{"play":{"name":"Bi\u1ec3u t\u01b0\u1ee3ng ph\u00e1t","url":"https:\/\/gresley.org.uk\/wp-content\/plugins\/seo-by-rank-math\/assets\/admin\/img\/icon-play.png","path":"\/www\/wwwroot\/gresley.org.uk\/wp-content\/plugins\/seo-by-rank-math\/assets\/admin\/img\/icon-play.png","position":"middle_center"},"gif":{"name":"Bi\u1ec3u t\u01b0\u1ee3ng GIF","url":"https:\/\/gresley.org.uk\/wp-content\/plugins\/seo-by-rank-math\/assets\/admin\/img\/icon-gif.png","path":"\/www\/wwwroot\/gresley.org.uk\/wp-content\/plugins\/seo-by-rank-math\/assets\/admin\/img\/icon-gif.png","position":"middle_center"}},"defautOgImage":"https:\/\/gresley.org.uk\/wp-content\/plugins\/seo-by-rank-math\/assets\/admin\/img\/social-placeholder.jpg","customPermalinks":true,"isUserRegistered":false,"autoSuggestKeywords":false,"connectSiteUrl":"https:\/\/rankmath.com\/auth?site=https%3A%2F%2Fgresley.org.uk&r=https%3A%2F%2Fgresley.org.uk%2Findex.php%2Fwp-json%2Fwp%2Fv2%2Fpages%2F74%3Fnonce%3D980ed15836&pro=1","maxTags":100,"trendsIcon":"<svg width=\"100%\" height=\"100%\" viewBox=\"0 0 36 36\" version=\"1.1\" xmlns=\"http:\/\/www.w3.org\/2000\/svg\" xmlns:xlink=\"http:\/\/www.w3.org\/1999\/xlink\" fit=\"\" preserveAspectRatio=\"xMidYMid meet\" focusable=\"false\">\n\t\t<g id=\"Page-1\" stroke=\"none\" stroke-width=\"1\" fill=\"none\" fill-rule=\"evenodd\">\n\t\t\t<g id=\"Trends-Arrow\">\n\t\t\t\t<g id=\"TrendsArrow\">\n\t\t\t\t\t<path d=\"M1.11227159,26.3181534 L10.2875029,17.1429221 L13.7152617,20.5706809 L4.5400304,29.7459122 C4.20518633,30.0807563 3.66229681,30.0807562 3.32745277,29.7459122 L1.11136262,27.529822 C0.776518575,27.194978 0.776518548,26.6520885 1.11136262,26.3172444 L1.11227159,26.3181534 Z\" id=\"Shape\" fill=\"#4285F4\" fill-rule=\"nonzero\"><\/path>\n\t\t\t\t\t<path d=\"M14.3201543,14.3211528 L22.283717,22.2847155 L19.4658829,25.1025495 C19.1310388,25.4373936 18.5881494,25.4373937 18.2533053,25.1025495 L10.2906516,17.1398959 L13.1084857,14.3220618 C13.4429747,13.987572 13.9851638,13.9871653 14.3201543,14.3211528 Z\" id=\"Shape\" fill=\"#EA4335\" fill-rule=\"nonzero\"><\/path>\n\t\t\t\t\t<polygon id=\"Rectangle-path\" fill=\"#FABB05\" fill-rule=\"nonzero\" points=\"18.8573051 18.8577571 28.2843236 9.43073862 31.7120824 12.8584974 22.2850639 22.2855159\"><\/polygon>\n\t\t\t\t\t<path d=\"M35.0711567,15.5054713 L35.0711567,7 L35.0711567,7 C35.0711567,6.44771525 34.6234415,6 34.0711567,6 L25.5656854,6 L25.5656854,6 C25.0134007,6 24.5656854,6.44771525 24.5656854,7 C24.5656854,7.26521649 24.6710423,7.5195704 24.8585786,7.70710678 L33.3640499,16.2125781 L33.3640499,16.2125781 C33.7545742,16.6031024 34.3877392,16.6031024 34.7782635,16.2125781 C34.9657999,16.0250417 35.0711567,15.7706878 35.0711567,15.5054713 Z\" id=\"Shape\" fill=\"#34A853\" fill-rule=\"nonzero\"><\/path>\n\t\t\t\t\t<rect id=\"Rectangle-path\" x=\"0\" y=\"0\" width=\"36\" height=\"36\"><\/rect>\n\t\t\t\t<\/g>\n\t\t\t<\/g>\n\t\t<\/g>\n\t<\/svg>","showScore":true,"siteFavIcon":"https:\/\/gresley.org.uk\/wp-content\/uploads\/2025\/08\/cropped-6cc110d3d266dbd716981581980f92c0-32x32.png","canUser":{"general":false,"advanced":false,"snippet":false,"social":false,"analysis":false,"analytics":false,"content_ai":false},"showKeywordIntent":true,"isPro":true,"is_front_page":false,"trendsUpgradeLink":"https:\/\/gresley.org.uk\/wp-admin\/admin.php?page=rank-math&view=help","trendsUpgradeLabel":"Activate now","trendsPreviewImage":"https:\/\/gresley.org.uk\/wp-content\/plugins\/seo-by-rank-math\/assets\/admin\/img\/trends-preview.jpg","currentEditor":false,"homepageData":{"assessor":{"powerWords":[],"diacritics":true,"researchesTests":["contentHasTOC","contentHasShortParagraphs","contentHasAssets","keywordInTitle","keywordInMetaDescription","keywordInPermalink","keywordIn10Percent","keywordInContent","keywordInSubheadings","keywordInImageAlt","keywordDensity","keywordNotUsed","lengthContent","lengthPermalink","linksHasInternal","linksHasExternals","linksNotAllExternals","titleStartWithKeyword","titleSentiment","titleHasPowerWords","titleHasNumber","hasContentAI"],"hasBreadcrumb":false,"serpData":{"title":"%sitename% %page% %sep% %sitedesc%","description":"","titleTemplate":"%sitename% %page% %sep% %sitedesc%","descriptionTemplate":"","focusKeywords":"","breadcrumbTitle":"Home","robots":{"index":true},"advancedRobots":[],"facebookTitle":"","facebookDescription":"","facebookImage":"","facebookImageID":""}}},"tocTitle":"Table of Contents","tocExcludeHeadings":[],"listStyle":"ul"},"_links":{"self":[{"href":"https:\/\/gresley.org.uk\/index.php\/wp-json\/wp\/v2\/pages\/74","targetHints":{"allow":["GET"]}}],"collection":[{"href":"https:\/\/gresley.org.uk\/index.php\/wp-json\/wp\/v2\/pages"}],"about":[{"href":"https:\/\/gresley.org.uk\/index.php\/wp-json\/wp\/v2\/types\/page"}],"author":[{"embeddable":true,"href":"https:\/\/gresley.org.uk\/index.php\/wp-json\/wp\/v2\/users\/1"}],"replies":[{"embeddable":true,"href":"https:\/\/gresley.org.uk\/index.php\/wp-json\/wp\/v2\/comments?post=74"}],"version-history":[{"count":2,"href":"https:\/\/gresley.org.uk\/index.php\/wp-json\/wp\/v2\/pages\/74\/revisions"}],"predecessor-version":[{"id":184,"href":"https:\/\/gresley.org.uk\/index.php\/wp-json\/wp\/v2\/pages\/74\/revisions\/184"}],"wp:featuredmedia":[{"embeddable":true,"href":"https:\/\/gresley.org.uk\/index.php\/wp-json\/wp\/v2\/media\/77"}],"wp:attachment":[{"href":"https:\/\/gresley.org.uk\/index.php\/wp-json\/wp\/v2\/media?parent=74"}],"curies":[{"name":"wp","href":"https:\/\/api.w.org\/{rel}","templated":true}]}}